{"id":18,"date":"2021-02-08T14:22:32","date_gmt":"2021-02-08T16:22:32","guid":{"rendered":"http:\/\/lhtiradentesimoveis.com\/novo\/?page_id=18"},"modified":"2021-02-08T14:22:32","modified_gmt":"2021-02-08T16:22:32","slug":"quem-somos","status":"publish","type":"page","link":"https:\/\/lhtiradentesimoveis.com\/novo\/quem-somos\/","title":{"rendered":"Quem somos"},"content":{"rendered":"<h2>20 anos de experi\u00eancia<\/h2>\n<p>A LH Tiradentes Im\u00f3veis est\u00e1 estabelecida em Tiradentes desde 1991. Com um estilo pr\u00f3prio em alugar, comprar ou vender. O encontro entre um vendedor que conhece tudo que h\u00e1 em Tiradentes e um cliente exigente na arte de comprar foi favorecido pelo clima de encantamento da cidade.<\/p>\n<h2>&#8220;Vendemos sonhos, n\u00e3o pesadelos&#8221;<\/h2>\n<p>Dirigida por Luiz Cl\u00e1udio e Helder, a LH Tiradentes Im\u00f3veis coloca a sua experi\u00eancia para auxili\u00e1-lo em seus futuros investimentos. &#8220;Todas as pessoas nos procuram em busca da realiza\u00e7\u00e3o de um sonho, n\u00e3o um pesadelo&#8221;, afirmam os diretores, Helder e Lu\u00eds Cl\u00e1udio, que destacam a estreita parceria que existe entre a empresa junto ao IPHAN e \u00e0 Prefeitura Municipal de Tiradentes, com o objetivo de respeitar e valorizar o meio ambiente e o conjunto arquitet\u00f4nico hist\u00f3rico.<\/p>\n<h2>Natureza exuberante<\/h2>\n<p>Cercada de atra\u00e7\u00f5es naturais como cachoeiras, serra em \u00e1rea de preserva\u00e7\u00e3o ambiental, entre outras, Tiradentes se destaca tamb\u00e9m pelo clima ameno o ano inteiro e natureza exuberante.<\/p>\n","protected":false},"excerpt":{"rendered":"<p>20 anos de experi\u00eancia A LH Tiradentes Im\u00f3veis est\u00e1 estabelecida em Tiradentes desde 1991. Com um estilo pr\u00f3prio em alugar, comprar ou vender. O encontro entre um vendedor que conhece tudo que h\u00e1 em Tiradentes e um cliente exigente na arte de comprar foi favorecido pelo clima de encantamento da cidade. &#8220;Vendemos sonhos, n\u00e3o pesadelos&#8221; [&hellip;]<\/p>\n","protected":false},"author":1,"featured_media":0,"parent":0,"menu_order":0,"comment_status":"closed","ping_status":"closed","template":"","meta":{"footnotes":""},"class_list":["post-18","page","type-page","status-publish","hentry"],"_links":{"self":[{"href":"https:\/\/lhtiradentesimoveis.com\/novo\/wp-json\/wp\/v2\/pages\/18","targetHints":{"allow":["GET"]}}],"collection":[{"href":"https:\/\/lhtiradentesimoveis.com\/novo\/wp-json\/wp\/v2\/pages"}],"about":[{"href":"https:\/\/lhtiradentesimoveis.com\/novo\/wp-json\/wp\/v2\/types\/page"}],"author":[{"embeddable":true,"href":"https:\/\/lhtiradentesimoveis.com\/novo\/wp-json\/wp\/v2\/users\/1"}],"replies":[{"embeddable":true,"href":"https:\/\/lhtiradentesimoveis.com\/novo\/wp-json\/wp\/v2\/comments?post=18"}],"version-history":[{"count":1,"href":"https:\/\/lhtiradentesimoveis.com\/novo\/wp-json\/wp\/v2\/pages\/18\/revisions"}],"predecessor-version":[{"id":19,"href":"https:\/\/lhtiradentesimoveis.com\/novo\/wp-json\/wp\/v2\/pages\/18\/revisions\/19"}],"wp:attachment":[{"href":"https:\/\/lhtiradentesimoveis.com\/novo\/wp-json\/wp\/v2\/media?parent=18"}],"curies":[{"name":"wp","href":"https:\/\/api.w.org\/{rel}","templated":true}]}}